{"id":5431,"date":"2023-07-17T14:02:00","date_gmt":"2023-07-17T14:02:00","guid":{"rendered":"https:\/\/www.hub2.io\/?page_id=5431"},"modified":"2025-09-02T13:51:39","modified_gmt":"2025-09-02T13:51:39","slug":"mentions-legales-ci","status":"publish","type":"page","link":"https:\/\/www.hub2.io\/fr\/mentions-legales-ci\/","title":{"rendered":"Mentions L\u00e9gales &#8211; C\u00f4te d&rsquo;Ivoire"},"content":{"rendered":"<p>[et_pb_section fb_built=\u00a0\u00bb1&Prime; _builder_version=\u00a0\u00bb4.21.0&Prime; _module_preset=\u00a0\u00bbdefault\u00a0\u00bb background_image=\u00a0\u00bbhttps:\/\/hub2.io\/wp-content\/uploads\/2023\/02\/4.jpg\u00a0\u00bb da_disable_devices=\u00a0\u00bboff|off|off\u00a0\u00bb global_colors_info=\u00a0\u00bb{}\u00a0\u00bb da_is_popup=\u00a0\u00bboff\u00a0\u00bb da_exit_intent=\u00a0\u00bboff\u00a0\u00bb da_has_close=\u00a0\u00bbon\u00a0\u00bb da_alt_close=\u00a0\u00bboff\u00a0\u00bb da_dark_close=\u00a0\u00bboff\u00a0\u00bb da_not_modal=\u00a0\u00bbon\u00a0\u00bb da_is_singular=\u00a0\u00bboff\u00a0\u00bb da_with_loader=\u00a0\u00bboff\u00a0\u00bb da_has_shadow=\u00a0\u00bbon\u00a0\u00bb][et_pb_row _builder_version=\u00a0\u00bb4.21.0&Prime; _module_preset=\u00a0\u00bbdefault\u00a0\u00bb global_colors_info=\u00a0\u00bb{}\u00a0\u00bb][et_pb_column type=\u00a0\u00bb4_4&Prime; _builder_version=\u00a0\u00bb4.21.0&Prime; _module_preset=\u00a0\u00bbdefault\u00a0\u00bb global_colors_info=\u00a0\u00bb{}\u00a0\u00bb][et_pb_post_title meta=\u00a0\u00bboff\u00a0\u00bb text_color=\u00a0\u00bblight\u00a0\u00bb _builder_version=\u00a0\u00bb4.21.0&Prime; _module_preset=\u00a0\u00bbdefault\u00a0\u00bb title_font=\u00a0\u00bbisidora-bold||||||||\u00a0\u00bb title_text_color=\u00a0\u00bb#FF8200&Prime; title_font_size=\u00a0\u00bb37px\u00a0\u00bb title_text_shadow_style=\u00a0\u00bbpreset2&Prime; global_colors_info=\u00a0\u00bb{}\u00a0\u00bb][\/et_pb_post_title][\/et_pb_column][\/et_pb_row][\/et_pb_section][et_pb_section fb_built=\u00a0\u00bb1&Prime; _builder_version=\u00a0\u00bb4.21.0&Prime; _module_preset=\u00a0\u00bbdefault\u00a0\u00bb background_color=\u00a0\u00bb#000000&Prime; da_disable_devices=\u00a0\u00bboff|off|off\u00a0\u00bb global_colors_info=\u00a0\u00bb{}\u00a0\u00bb da_is_popup=\u00a0\u00bboff\u00a0\u00bb da_exit_intent=\u00a0\u00bboff\u00a0\u00bb da_has_close=\u00a0\u00bbon\u00a0\u00bb da_alt_close=\u00a0\u00bboff\u00a0\u00bb da_dark_close=\u00a0\u00bboff\u00a0\u00bb da_not_modal=\u00a0\u00bbon\u00a0\u00bb da_is_singular=\u00a0\u00bboff\u00a0\u00bb da_with_loader=\u00a0\u00bboff\u00a0\u00bb da_has_shadow=\u00a0\u00bbon\u00a0\u00bb][et_pb_row _builder_version=\u00a0\u00bb4.21.0&Prime; _module_preset=\u00a0\u00bbdefault\u00a0\u00bb global_colors_info=\u00a0\u00bb{}\u00a0\u00bb][et_pb_column type=\u00a0\u00bb4_4&Prime; _builder_version=\u00a0\u00bb4.21.0&Prime; _module_preset=\u00a0\u00bbdefault\u00a0\u00bb global_colors_info=\u00a0\u00bb{}\u00a0\u00bb][et_pb_text _builder_version=\u00a0\u00bb4.21.0&Prime; _module_preset=\u00a0\u00bbdefault\u00a0\u00bb text_text_color=\u00a0\u00bb#FFFFFF\u00a0\u00bb header_2_font=\u00a0\u00bbisidora-bold||||||||\u00a0\u00bb header_2_text_color=\u00a0\u00bb#00A1AB\u00a0\u00bb global_colors_info=\u00a0\u00bb{}\u00a0\u00bb]<\/p>\n<p>Le Site Hub2 est accessible \u00e0 l\u2019adresse https:\/\/hub2.io (ci-apr\u00e8s \u00ab <strong>le Site<\/strong> \u00bb). L\u2019acc\u00e8s et l\u2019utilisation du Site sont soumis aux pr\u00e9sentes \u00ab Mentions L\u00e9gales \u00bb d\u00e9taill\u00e9es ci-apr\u00e8s ainsi qu\u2019aux lois et\/ou r\u00e8glements applicables. La connexion, l\u2019utilisation et l\u2019acc\u00e8s \u00e0 ce Site impliquent l\u2019acceptation int\u00e9grale et sans r\u00e9serve de l\u2019internaute de toutes les dispositions des pr\u00e9sentes Mentions L\u00e9gales.<\/p>\n<h2>ARTICLE 1 &#8211; INFORMATIONS LEGALES<\/h2>\n<p>Le Site est \u00e9dit\u00e9 par :<\/p>\n<p>CONNEKT4 C\u00d4TE D\u2019IVOIRE, une soci\u00e9t\u00e9 \u00e0 responsabilit\u00e9 limit\u00e9e de droit ivoirien au capital social de 121 000 000 F CFA, ayant son si\u00e8ge social sis Abidjan, Cocody Riviera 3, Rue E139, Non loin du \u00ab Lyc\u00e9e Fran\u00e7ais Blaise Pascal \u00bb, Lot 1012, Ilot 115, 08 BP 3470 Abidjan 08, ayant pour num\u00e9ro de compte contribuable 202973A et immatricul\u00e9e au Registre du Commerce et du Cr\u00e9dit Mobilier d\u2019Abidjan sous le num\u00e9ro CI-ABJ-2020-B-09954.<\/p>\n<p>Adresse e-mail: contact.ci@hub2.io<br \/>Ci-apr\u00e8s l\u2019 \u00ab <strong>\u00c9diteur<\/strong> \u00bb<\/p>\n<p>Le Directeur de publication est: CONNEKT4<br \/>Adresse e-mail de contact: communication.ci@hub2.io<br \/>Ci-apr\u00e8s le \u00ab <strong>Directeur de publication<\/strong> \u00bb<\/p>\n<p>Le Site est h\u00e9berg\u00e9 par: MICROSOFT FRANCE SAS, via son offre Cloud Microsoft Azure, dans un centre de donn\u00e9es localis\u00e9 en France m\u00e9tropolitaine. Dont le si\u00e8ge est situ\u00e9 \u00e0 l\u2019adresse suivante: 37\/45 Quai du Pr\u00e9sident Roosevelt, 92130 Issy-les-moulineaux.<br \/>T\u00e9l\u00e9phone : +33 (0) 9 70 01 90 90<br \/>Ci-apr\u00e8s l\u2019 \u00ab <strong>H\u00e9bergeur<\/strong> \u00bb<\/p>\n<p>Sont consid\u00e9r\u00e9s comme utilisateurs tous les internautes qui naviguent, lisent, visionnent et utilisent le Site.<br \/>Ci-apr\u00e8s les \u00ab <strong>Utilisateurs<\/strong> \u00bb<\/p>\n<h2>ARTICLE 2 &#8211; ACCESSIBILIT\u00c9<\/h2>\n<p>Le Site est par principe accessible aux utilisateurs 24H\/24H et 7\/7j, sauf interruption, programm\u00e9e ou non, pour les besoins de maintenance ou en cas de force majeure.<\/p>\n<p>En cas d\u2019impossibilit\u00e9 d\u2019acc\u00e8s au Site, celui-ci s\u2019engage \u00e0 faire son maximum afin d\u2019en r\u00e9tablir l\u2019acc\u00e8s. Le Site ne saurait \u00eatre tenu pour responsable de tout dommage, quelle qu\u2019en soit la nature, r\u00e9sultant de son indisponibilit\u00e9.<\/p>\n<h2>ARTICLE 3 &#8211; COLLECTE DES DONN\u00c9ES ET LOI SUR LA PROTECTION DES DONN\u00c9ES A CARACT\u00c8RE PERSONNEL<\/h2>\n<p>Ce site est d\u00e9clar\u00e9 \u00e0 l\u2019Autorit\u00e9 de R\u00e9gulation des T\u00e9l\u00e9communications\/TIC de C\u00f4te d\u2019Ivoire (ARTCI).<\/p>\n<p>En outre, il est conforme aux dispositions de la Loi n\u00b0 2013-450 du 19 juin 2013 relative \u00e0 la protection des donn\u00e9es \u00e0 caract\u00e8re personnel. En vertu de celle-ci l\u2019Utilisateur b\u00e9n\u00e9ficie notamment d\u2019un droit d\u2019opposition, d\u2019acc\u00e8s et de rectification des donn\u00e9es le concernant.<\/p>\n<p>Le site est \u00e9galement soumis \u00e0 la Loi N\u00b0 2013-546 du 30 juillet 2013 relative aux transactions \u00e9lectroniques.<\/p>\n<p>Pour faire usage de celui-ci, l\u2019Utilisateur doit s\u2019adresser \u00e0 l\u2019\u00c9diteur en le contactant \u00e0 l\u2019adresse suivante: communication.ci@hub2.io ou par courrier adress\u00e9 au si\u00e8ge social de l\u2019\u00c9diteur en pr\u00e9cisant ses nom, pr\u00e9nom(s), adresse et adresse(s) e-mail.<\/p>\n<h2>ARTICLE 4 &#8211; POLITIQUE DE COOKIES<\/h2>\n<p>Le site Hub2 a \u00e9ventuellement recours aux techniques de \u00ab cookies \u00bb lui permettant de traiter des statistiques et des informations sur le trafic, de faciliter la navigation et d\u2019am\u00e9liorer le service pour le confort de l\u2019Utilisateur.<\/p>\n<p>Conform\u00e9ment \u00e0 la l\u00e9gislation en C\u00f4te d\u2019ivoire, le site Hub2 a mis \u00e0 jour sa politique de confidentialit\u00e9 en mati\u00e8re de cookies. L\u2019Utilisateur est libre d\u2019accepter ou de refuser les cookies de tous les sites internet en modifiant les param\u00e8tres de son navigateur internet.<\/p>\n<h2>ARTICLE 5 &#8211; CONTACT<\/h2>\n<p>Pour tout signalement de contenus ou d\u2019activit\u00e9s illicites, l\u2019Utilisateur peut contacter l\u2019\u00c9diteur \u00e0 l\u2019adresse suivante : communication.ci@hub2.io ou par courrier recommand\u00e9 avec accus\u00e9 de r\u00e9ception adress\u00e9 \u00e0 l\u2019\u00c9diteur aux coordonn\u00e9es pr\u00e9cis\u00e9es dans les pr\u00e9sentes mentions l\u00e9gales.<\/p>\n<h2>ARTICLE 6 &#8211; LOI APPLICABLE ET JURIDICTION COMP\u00c9TENTE<\/h2>\n<p>La loi applicable au pr\u00e9sent acte est la loi ivoirienne et les juridictions comp\u00e9tentes seront les tribunaux de droit ivoirien.<\/p>\n<p>[\/et_pb_text][\/et_pb_column][\/et_pb_row][\/et_pb_section]<\/p>\n","protected":false},"excerpt":{"rendered":"<p>Le Site Hub2 est accessible \u00e0 l\u2019adresse https:\/\/hub2.io (ci-apr\u00e8s \u00ab le Site \u00bb). L\u2019acc\u00e8s et l\u2019utilisation du Site sont soumis aux pr\u00e9sentes \u00ab Mentions L\u00e9gales \u00bb d\u00e9taill\u00e9es ci-apr\u00e8s ainsi qu\u2019aux lois et\/ou r\u00e8glements applicables. La connexion, l\u2019utilisation et l\u2019acc\u00e8s \u00e0 ce Site impliquent l\u2019acceptation int\u00e9grale et sans r\u00e9serve de l\u2019internaute de toutes les dispositions des [&hellip;]<\/p>\n","protected":false},"author":7,"featured_media":0,"parent":0,"menu_order":0,"comment_status":"closed","ping_status":"closed","template":"","meta":{"_acf_changed":false,"_et_pb_use_builder":"on","_et_pb_old_content":"","_et_gb_content_width":"","content-type":"","footnotes":""},"dipi_cpt_category":[],"class_list":["post-5431","page","type-page","status-publish","hentry"],"acf":[],"_links":{"self":[{"href":"https:\/\/www.hub2.io\/fr\/wp-json\/wp\/v2\/pages\/5431","targetHints":{"allow":["GET"]}}],"collection":[{"href":"https:\/\/www.hub2.io\/fr\/wp-json\/wp\/v2\/pages"}],"about":[{"href":"https:\/\/www.hub2.io\/fr\/wp-json\/wp\/v2\/types\/page"}],"author":[{"embeddable":true,"href":"https:\/\/www.hub2.io\/fr\/wp-json\/wp\/v2\/users\/7"}],"replies":[{"embeddable":true,"href":"https:\/\/www.hub2.io\/fr\/wp-json\/wp\/v2\/comments?post=5431"}],"version-history":[{"count":10,"href":"https:\/\/www.hub2.io\/fr\/wp-json\/wp\/v2\/pages\/5431\/revisions"}],"predecessor-version":[{"id":6087,"href":"https:\/\/www.hub2.io\/fr\/wp-json\/wp\/v2\/pages\/5431\/revisions\/6087"}],"wp:attachment":[{"href":"https:\/\/www.hub2.io\/fr\/wp-json\/wp\/v2\/media?parent=5431"}],"wp:term":[{"taxonomy":"dipi_cpt_category","embeddable":true,"href":"https:\/\/www.hub2.io\/fr\/wp-json\/wp\/v2\/dipi_cpt_category?post=5431"}],"curies":[{"name":"wp","href":"https:\/\/api.w.org\/{rel}","templated":true}]}}