{"id":1657,"date":"2023-03-10T05:35:18","date_gmt":"2023-03-10T05:35:18","guid":{"rendered":"https:\/\/hub2website.tempurl.host\/?page_id=1657"},"modified":"2023-03-25T12:53:17","modified_gmt":"2023-03-25T12:53:17","slug":"privacy-policy-ivory-coast","status":"publish","type":"page","link":"https:\/\/www.hub2.io\/fr\/privacy-policy-ivory-coast\/","title":{"rendered":"Privacy Policy &#8211; Ivory Coast"},"content":{"rendered":"<p>[et_pb_section fb_built=\u00a0\u00bb1&Prime; _builder_version=\u00a0\u00bb4.19.5&Prime; _module_preset=\u00a0\u00bbdefault\u00a0\u00bb background_color=\u00a0\u00bb#000000&Prime; background_image=\u00a0\u00bbhttps:\/\/hub2.io\/wp-content\/uploads\/2023\/02\/7.jpg\u00a0\u00bb custom_padding=\u00a0\u00bb||||false|false\u00a0\u00bb locked=\u00a0\u00bboff\u00a0\u00bb global_colors_info=\u00a0\u00bb{}\u00a0\u00bb da_is_popup=\u00a0\u00bboff\u00a0\u00bb da_exit_intent=\u00a0\u00bboff\u00a0\u00bb da_has_close=\u00a0\u00bbon\u00a0\u00bb da_alt_close=\u00a0\u00bboff\u00a0\u00bb da_dark_close=\u00a0\u00bboff\u00a0\u00bb da_not_modal=\u00a0\u00bbon\u00a0\u00bb da_is_singular=\u00a0\u00bboff\u00a0\u00bb da_with_loader=\u00a0\u00bboff\u00a0\u00bb da_has_shadow=\u00a0\u00bbon\u00a0\u00bb da_disable_devices=\u00a0\u00bboff|off|off\u00a0\u00bb][et_pb_row _builder_version=\u00a0\u00bb4.19.5&Prime; _module_preset=\u00a0\u00bbdefault\u00a0\u00bb positioning=\u00a0\u00bbnone\u00a0\u00bb position_origin_a=\u00a0\u00bbcenter_center\u00a0\u00bb width=\u00a0\u00bb90%\u00a0\u00bb max_width=\u00a0\u00bb1200px\u00a0\u00bb custom_margin=\u00a0\u00bb|auto||auto|false|false\u00a0\u00bb custom_padding=\u00a0\u00bb||||false|false\u00a0\u00bb locked=\u00a0\u00bboff\u00a0\u00bb global_colors_info=\u00a0\u00bb{}\u00a0\u00bb][et_pb_column type=\u00a0\u00bb4_4&Prime; _builder_version=\u00a0\u00bb4.16.0&Prime; _module_preset=\u00a0\u00bbdefault\u00a0\u00bb global_colors_info=\u00a0\u00bb{}\u00a0\u00bb][et_pb_text _builder_version=\u00a0\u00bb4.20.2&Prime; _module_preset=\u00a0\u00bbdefault\u00a0\u00bb header_font=\u00a0\u00bbisidora-bold|700||on|||||\u00a0\u00bb header_text_color=\u00a0\u00bbgcid-93ab73df-d172-435e-98c1-fd273bb802f2&Prime; header_font_size=\u00a0\u00bb80px\u00a0\u00bb header_line_height=\u00a0\u00bb1.2em\u00a0\u00bb custom_margin=\u00a0\u00bb||0px||false|false\u00a0\u00bb hover_enabled=\u00a0\u00bb0&Prime; global_colors_info=\u00a0\u00bb{%22gcid-93ab73df-d172-435e-98c1-fd273bb802f2%22:%91%22header_text_color%22%93}\u00a0\u00bb sticky_enabled=\u00a0\u00bb0&Prime;]<\/p>\n<h1>Politique de protection des donn\u00e9es personnelles (DCP)<\/h1>\n<p>[\/et_pb_text][et_pb_text _builder_version=\u00a0\u00bb4.20.2&Prime; _module_preset=\u00a0\u00bbdefault\u00a0\u00bb text_text_color=\u00a0\u00bb#FFFFFF\u00a0\u00bb text_font_size=\u00a0\u00bb20px\u00a0\u00bb header_3_font=\u00a0\u00bb|700|||||||\u00a0\u00bb header_3_text_color=\u00a0\u00bb#FFFFFF\u00a0\u00bb header_3_font_size=\u00a0\u00bb26px\u00a0\u00bb hover_enabled=\u00a0\u00bb0&Prime; global_colors_info=\u00a0\u00bb{}\u00a0\u00bb sticky_enabled=\u00a0\u00bb0&Prime;]Derni\u00e8re mise \u00e0 jour : 3 mars 2023[\/et_pb_text][\/et_pb_column][\/et_pb_row][\/et_pb_section][et_pb_section fb_built=\u00a0\u00bb1&Prime; _builder_version=\u00a0\u00bb4.19.5&Prime; _module_preset=\u00a0\u00bbdefault\u00a0\u00bb background_color=\u00a0\u00bb#000000&Prime; custom_padding=\u00a0\u00bb||||false|false\u00a0\u00bb global_colors_info=\u00a0\u00bb{}\u00a0\u00bb da_is_popup=\u00a0\u00bboff\u00a0\u00bb da_exit_intent=\u00a0\u00bboff\u00a0\u00bb da_has_close=\u00a0\u00bbon\u00a0\u00bb da_alt_close=\u00a0\u00bboff\u00a0\u00bb da_dark_close=\u00a0\u00bboff\u00a0\u00bb da_not_modal=\u00a0\u00bbon\u00a0\u00bb da_is_singular=\u00a0\u00bboff\u00a0\u00bb da_with_loader=\u00a0\u00bboff\u00a0\u00bb da_has_shadow=\u00a0\u00bbon\u00a0\u00bb da_disable_devices=\u00a0\u00bboff|off|off\u00a0\u00bb][et_pb_row _builder_version=\u00a0\u00bb4.19.5&Prime; _module_preset=\u00a0\u00bbdefault\u00a0\u00bb width=\u00a0\u00bb90%\u00a0\u00bb max_width=\u00a0\u00bb1200px\u00a0\u00bb custom_margin=\u00a0\u00bb5px|auto||auto||\u00a0\u00bb custom_padding=\u00a0\u00bb0px|||||\u00a0\u00bb global_colors_info=\u00a0\u00bb{}\u00a0\u00bb][et_pb_column type=\u00a0\u00bb4_4&Prime; _builder_version=\u00a0\u00bb4.19.5&Prime; _module_preset=\u00a0\u00bbdefault\u00a0\u00bb global_colors_info=\u00a0\u00bb{}\u00a0\u00bb][et_pb_text _builder_version=\u00a0\u00bb4.20.2&Prime; _module_preset=\u00a0\u00bbdefault\u00a0\u00bb text_text_color=\u00a0\u00bb#FFFFFF\u00a0\u00bb text_font_size=\u00a0\u00bb17px\u00a0\u00bb text_line_height=\u00a0\u00bb1.8em\u00a0\u00bb header_text_color=\u00a0\u00bbgcid-93ab73df-d172-435e-98c1-fd273bb802f2&Prime; header_2_text_color=\u00a0\u00bbgcid-a587cb3d-13b1-4f31-86dc-a78ca70c59cc\u00a0\u00bb hover_enabled=\u00a0\u00bb0&Prime; global_colors_info=\u00a0\u00bb{%22gcid-93ab73df-d172-435e-98c1-fd273bb802f2%22:%91%22header_text_color%22%93,%22gcid-a587cb3d-13b1-4f31-86dc-a78ca70c59cc%22:%91%22header_2_text_color%22%93}\u00a0\u00bb sticky_enabled=\u00a0\u00bb0&Prime;]<\/p>\n<p>CONNEKT4 C\u00d4TE D&rsquo;IVOIRE (\u00ab nous \u00bb, \u00ab notre \u00bb) fournit des services de paiement mobile en Afrique, y compris en C\u00f4te d&rsquo;Ivoire. Cette page d\u00e9crit notre politique de protection des donn\u00e9es personnelles (DCP) conforme aux r\u00e9glementations en vigueur en C\u00f4te d&rsquo;Ivoire.<\/p>\n<h2>Collecte et utilisation des informations<\/h2>\n<p>Nous collectons des informations personnelles lorsque vous utilisez nos services, notamment lorsque vous effectuez des transactions, remplissez des formulaires de contact ou vous inscrivez pour utiliser nos services. Les informations personnelles que nous collectons peuvent inclure, sans s&rsquo;y limiter, votre nom, adresse e-mail, num\u00e9ro de t\u00e9l\u00e9phone, localisation g\u00e9ographique et d\u00e9tails des transactions. Nous utilisons ces informations pour fournir nos services et pour communiquer avec vous.<\/p>\n<p>Nous collectons \u00e9galement des informations sur l&rsquo;utilisation de nos services, notamment les adresses IP, les types de navigateurs et les syst\u00e8mes d&rsquo;exploitation utilis\u00e9s, ainsi que les donn\u00e9es de transaction. Ces informations sont collect\u00e9es pour nous aider \u00e0 am\u00e9liorer nos services et \u00e0 mieux comprendre le comportement des utilisateurs.e use of our services, including IP addresses, browser types and operating systems used, and transaction data. This information is collected to help us improve our services and better understand user behavior.<\/p>\n<h2>Protection des donn\u00e9es<\/h2>\n<p>Nous prenons des mesures raisonnables pour prot\u00e9ger la s\u00e9curit\u00e9 de vos informations personnelles, y compris des protections physiques, \u00e9lectroniques et proc\u00e9durales. Nous avons mis en place des protocoles de s\u00e9curit\u00e9 pour prot\u00e9ger vos donn\u00e9es lors de la transmission et du stockage. Nous limitons l&rsquo;acc\u00e8s aux informations personnelles aux employ\u00e9s qui ont besoin de ces informations pour fournir nos services.<\/p>\n<h2>Divulgation des informations<\/h2>\n<p>Nous ne vendons ni ne louons d&rsquo;informations personnelles \u00e0 des tiers \u00e0 des fins de marketing. Cependant, nous pouvons divulguer des informations personnelles \u00e0 des tiers qui nous aident \u00e0 fournir nos services ou \u00e0 d&rsquo;autres fins commerciales, telles que le traitement des transactions ou le stockage des donn\u00e9es. Ces tiers sont tenus de pr\u00e9server la confidentialit\u00e9 et la s\u00e9curit\u00e9 de vos informations.<\/p>\n<p>Nous pouvons \u00e9galement divulguer des informations personnelles en r\u00e9ponse \u00e0 une demande l\u00e9gale, telle qu&rsquo;une assignation \u00e0 compara\u00eetre ou une ordonnance du tribunal, ou lorsque nous pensons qu&rsquo;il est n\u00e9cessaire d&rsquo;enqu\u00eater, de pr\u00e9venir ou de prendre des mesures concernant des activit\u00e9s ill\u00e9gales, des fraudes pr\u00e9sum\u00e9es ou des violations de nos conditions g\u00e9n\u00e9rales.<\/p>\n<h2>Transfert de donn\u00e9es<\/h2>\n<p>Afin de fournir nos services, nous pouvons transf\u00e9rer certaines informations personnelles en dehors de la C\u00f4te d&rsquo;Ivoire \u00e0 nos clients B2B en C\u00f4te d&rsquo;Ivoire, ainsi qu&rsquo;\u00e0 des fournisseurs de paiement tels qu&rsquo;Orange Money, MTN Mobile Money, Moov Money et Wave Mobile Money, tous bas\u00e9s en C\u00f4te d&rsquo;Ivoire. De plus, nous transf\u00e9rons des donn\u00e9es vers notre API syst\u00e8me principal, qui est exploit\u00e9e par CONNEKT4 en France et sert de service central pour toutes nos op\u00e9rations, y compris celles en C\u00f4te d&rsquo;Ivoire. Ces informations sont stock\u00e9es dans des centres de donn\u00e9es Microsoft Azure situ\u00e9s en France, mais certaines donn\u00e9es peuvent \u00e9galement \u00eatre r\u00e9pliqu\u00e9es en C\u00f4te d&rsquo;Ivoire en raison de contraintes l\u00e9gales.<\/p>\n<p>Nous prenons des mesures pour garantir la s\u00e9curit\u00e9 et la confidentialit\u00e9 de vos informations personnelles lors du transfert, et tous les transferts sont conformes aux r\u00e9glementations applicables en mati\u00e8re de protection des donn\u00e9es.<\/p>\n<h2>Vos droits<\/h2>\n<p>Vous avez le droit d&rsquo;acc\u00e9der, de modifier ou de supprimer vos informations personnelles \u00e0 tout moment en nous contactant \u00e0 l&rsquo;adresse dataprotection.ci@connekt4.com. Nous r\u00e9pondrons \u00e0 votre demande dans un d\u00e9lai raisonnable.<\/p>\n<h2>Contactez-nous<\/h2>\n<p>Si vous avez des questions ou des pr\u00e9occupations concernant notre politique de protection des donn\u00e9es personnelles, veuillez nous contacter \u00e0 l&rsquo;adresse dataprotection.ci@connekt4.com.<\/p>\n<p>[\/et_pb_text][\/et_pb_column][\/et_pb_row][\/et_pb_section]<\/p>\n","protected":false},"excerpt":{"rendered":"<p>Politique de protection des donn\u00e9es personnelles (DCP)Derni\u00e8re mise \u00e0 jour : 3 mars 2023CONNEKT4 C\u00d4TE D&rsquo;IVOIRE (\u00ab nous \u00bb, \u00ab notre \u00bb) fournit des services de paiement mobile en Afrique, y compris en C\u00f4te d&rsquo;Ivoire. Cette page d\u00e9crit notre politique de protection des donn\u00e9es personnelles (DCP) conforme aux r\u00e9glementations en vigueur en C\u00f4te d&rsquo;Ivoire. Collecte [&hellip;]<\/p>\n","protected":false},"author":11,"featured_media":0,"parent":0,"menu_order":0,"comment_status":"closed","ping_status":"closed","template":"","meta":{"_acf_changed":false,"_et_pb_use_builder":"on","_et_pb_old_content":"","_et_gb_content_width":"","content-type":"","footnotes":""},"dipi_cpt_category":[],"class_list":["post-1657","page","type-page","status-publish","hentry"],"acf":[],"_links":{"self":[{"href":"https:\/\/www.hub2.io\/fr\/wp-json\/wp\/v2\/pages\/1657","targetHints":{"allow":["GET"]}}],"collection":[{"href":"https:\/\/www.hub2.io\/fr\/wp-json\/wp\/v2\/pages"}],"about":[{"href":"https:\/\/www.hub2.io\/fr\/wp-json\/wp\/v2\/types\/page"}],"author":[{"embeddable":true,"href":"https:\/\/www.hub2.io\/fr\/wp-json\/wp\/v2\/users\/11"}],"replies":[{"embeddable":true,"href":"https:\/\/www.hub2.io\/fr\/wp-json\/wp\/v2\/comments?post=1657"}],"version-history":[{"count":2,"href":"https:\/\/www.hub2.io\/fr\/wp-json\/wp\/v2\/pages\/1657\/revisions"}],"predecessor-version":[{"id":1660,"href":"https:\/\/www.hub2.io\/fr\/wp-json\/wp\/v2\/pages\/1657\/revisions\/1660"}],"wp:attachment":[{"href":"https:\/\/www.hub2.io\/fr\/wp-json\/wp\/v2\/media?parent=1657"}],"wp:term":[{"taxonomy":"dipi_cpt_category","embeddable":true,"href":"https:\/\/www.hub2.io\/fr\/wp-json\/wp\/v2\/dipi_cpt_category?post=1657"}],"curies":[{"name":"wp","href":"https:\/\/api.w.org\/{rel}","templated":true}]}}