{"id":1650,"date":"2023-03-10T05:25:36","date_gmt":"2023-03-10T05:25:36","guid":{"rendered":"https:\/\/hub2website.tempurl.host\/?page_id=1650"},"modified":"2023-03-25T12:45:36","modified_gmt":"2023-03-25T12:45:36","slug":"privacy-policy-france","status":"publish","type":"page","link":"https:\/\/www.hub2.io\/fr\/privacy-policy-france\/","title":{"rendered":"Privacy Policy &#8211; France"},"content":{"rendered":"<p>[et_pb_section fb_built=\u00a0\u00bb1&Prime; _builder_version=\u00a0\u00bb4.19.5&Prime; _module_preset=\u00a0\u00bbdefault\u00a0\u00bb background_color=\u00a0\u00bb#000000&Prime; background_image=\u00a0\u00bbhttps:\/\/hub2.io\/wp-content\/uploads\/2023\/02\/7.jpg\u00a0\u00bb custom_padding=\u00a0\u00bb||||false|false\u00a0\u00bb locked=\u00a0\u00bboff\u00a0\u00bb global_colors_info=\u00a0\u00bb{}\u00a0\u00bb da_is_popup=\u00a0\u00bboff\u00a0\u00bb da_exit_intent=\u00a0\u00bboff\u00a0\u00bb da_has_close=\u00a0\u00bbon\u00a0\u00bb da_alt_close=\u00a0\u00bboff\u00a0\u00bb da_dark_close=\u00a0\u00bboff\u00a0\u00bb da_not_modal=\u00a0\u00bbon\u00a0\u00bb da_is_singular=\u00a0\u00bboff\u00a0\u00bb da_with_loader=\u00a0\u00bboff\u00a0\u00bb da_has_shadow=\u00a0\u00bbon\u00a0\u00bb da_disable_devices=\u00a0\u00bboff|off|off\u00a0\u00bb][et_pb_row _builder_version=\u00a0\u00bb4.19.5&Prime; _module_preset=\u00a0\u00bbdefault\u00a0\u00bb positioning=\u00a0\u00bbnone\u00a0\u00bb position_origin_a=\u00a0\u00bbcenter_center\u00a0\u00bb width=\u00a0\u00bb90%\u00a0\u00bb max_width=\u00a0\u00bb1200px\u00a0\u00bb custom_margin=\u00a0\u00bb|auto||auto|false|false\u00a0\u00bb custom_padding=\u00a0\u00bb||||false|false\u00a0\u00bb locked=\u00a0\u00bboff\u00a0\u00bb global_colors_info=\u00a0\u00bb{}\u00a0\u00bb][et_pb_column type=\u00a0\u00bb4_4&Prime; _builder_version=\u00a0\u00bb4.16.0&Prime; _module_preset=\u00a0\u00bbdefault\u00a0\u00bb global_colors_info=\u00a0\u00bb{}\u00a0\u00bb][et_pb_text _builder_version=\u00a0\u00bb4.20.2&Prime; _module_preset=\u00a0\u00bbdefault\u00a0\u00bb header_font=\u00a0\u00bbisidora-bold|700||on|||||\u00a0\u00bb header_text_color=\u00a0\u00bbgcid-93ab73df-d172-435e-98c1-fd273bb802f2&Prime; header_font_size=\u00a0\u00bb80px\u00a0\u00bb header_line_height=\u00a0\u00bb1.2em\u00a0\u00bb custom_margin=\u00a0\u00bb||0px||false|false\u00a0\u00bb hover_enabled=\u00a0\u00bb0&Prime; global_colors_info=\u00a0\u00bb{%22gcid-93ab73df-d172-435e-98c1-fd273bb802f2%22:%91%22header_text_color%22%93}\u00a0\u00bb sticky_enabled=\u00a0\u00bb0&Prime;]<\/p>\n<h1>Politique de confidentialit\u00e9, RGPD<\/h1>\n<p>[\/et_pb_text][et_pb_text _builder_version=\u00a0\u00bb4.20.2&Prime; _module_preset=\u00a0\u00bbdefault\u00a0\u00bb text_text_color=\u00a0\u00bb#FFFFFF\u00a0\u00bb text_font_size=\u00a0\u00bb20px\u00a0\u00bb hover_enabled=\u00a0\u00bb0&Prime; global_colors_info=\u00a0\u00bb{}\u00a0\u00bb sticky_enabled=\u00a0\u00bb0&Prime;]Derni\u00e8re mise \u00e0 jour : 12 ao\u00fbt 2021[\/et_pb_text][\/et_pb_column][\/et_pb_row][\/et_pb_section][et_pb_section fb_built=\u00a0\u00bb1&Prime; _builder_version=\u00a0\u00bb4.19.5&Prime; _module_preset=\u00a0\u00bbdefault\u00a0\u00bb background_color=\u00a0\u00bb#000000&Prime; custom_padding=\u00a0\u00bb||||false|false\u00a0\u00bb global_colors_info=\u00a0\u00bb{}\u00a0\u00bb da_is_popup=\u00a0\u00bboff\u00a0\u00bb da_exit_intent=\u00a0\u00bboff\u00a0\u00bb da_has_close=\u00a0\u00bbon\u00a0\u00bb da_alt_close=\u00a0\u00bboff\u00a0\u00bb da_dark_close=\u00a0\u00bboff\u00a0\u00bb da_not_modal=\u00a0\u00bbon\u00a0\u00bb da_is_singular=\u00a0\u00bboff\u00a0\u00bb da_with_loader=\u00a0\u00bboff\u00a0\u00bb da_has_shadow=\u00a0\u00bbon\u00a0\u00bb da_disable_devices=\u00a0\u00bboff|off|off\u00a0\u00bb][et_pb_row _builder_version=\u00a0\u00bb4.19.5&Prime; _module_preset=\u00a0\u00bbdefault\u00a0\u00bb width=\u00a0\u00bb90%\u00a0\u00bb max_width=\u00a0\u00bb1200px\u00a0\u00bb custom_margin=\u00a0\u00bb5px|auto||auto||\u00a0\u00bb custom_padding=\u00a0\u00bb0px|||||\u00a0\u00bb global_colors_info=\u00a0\u00bb{}\u00a0\u00bb][et_pb_column type=\u00a0\u00bb4_4&Prime; _builder_version=\u00a0\u00bb4.19.5&Prime; _module_preset=\u00a0\u00bbdefault\u00a0\u00bb global_colors_info=\u00a0\u00bb{}\u00a0\u00bb][et_pb_text _builder_version=\u00a0\u00bb4.20.2&Prime; _module_preset=\u00a0\u00bbdefault\u00a0\u00bb text_text_color=\u00a0\u00bb#FFFFFF\u00a0\u00bb text_font_size=\u00a0\u00bb17px\u00a0\u00bb text_line_height=\u00a0\u00bb1.8em\u00a0\u00bb ul_line_height=\u00a0\u00bb1.7em\u00a0\u00bb header_text_color=\u00a0\u00bbgcid-93ab73df-d172-435e-98c1-fd273bb802f2&Prime; header_2_text_color=\u00a0\u00bbgcid-a587cb3d-13b1-4f31-86dc-a78ca70c59cc\u00a0\u00bb hover_enabled=\u00a0\u00bb0&Prime; global_colors_info=\u00a0\u00bb{%22gcid-93ab73df-d172-435e-98c1-fd273bb802f2%22:%91%22header_text_color%22%93,%22gcid-a587cb3d-13b1-4f31-86dc-a78ca70c59cc%22:%91%22header_2_text_color%22%93}\u00a0\u00bb sticky_enabled=\u00a0\u00bb0&Prime;]<\/p>\n<ul><\/ul>\n<div class=\"page\" title=\"Page 42\">\n<div class=\"section\">\n<div class=\"layoutArea\">\n<div class=\"column\">\n<p><span>CONNEKT4 (\u00ab nous \u00bb, \u00ab notre \u00bb) exploite hub2-io-website-btfmhydbcnhffxf5.francecentral-01.azurewebsites.net (le \u00ab Site \u00bb) he\u0301berge\u0301 par OVH dans des centres de donne\u0301es situe\u0301s en France. Cette page vous informe de nos politiques concernant la collecte, l&rsquo;utilisation et la\u00a0<\/span>divulgation des informations personnelles que nous recevons des utilisateurs du Site.<\/p>\n<p>&nbsp;<\/p>\n<\/div>\n<\/div>\n<\/div>\n<\/div>\n<h2><span><\/span>Information Collection and Use<\/h2>\n<div class=\"layoutArea\">\n<div class=\"column\">\n<ul>\n<li><span>We collect personally identifiable information when you fill out the contact form on our website or when you sign up for our services. The types of personally identifiable information we collect include, but are not\u00a0<\/span>limited to, your name, email address, phone number, and location. We use this information to provide you with our services and to communicate with you.<\/li>\n<li>We also use tools to measure website audience and collect non-personally identifiable information, such as IP address, browser type, and operating system, to help us improve our services and better understand user behavior. These tools include, but are not limited to, Google Analytics and other similar tools. We may also collect non-personally identifiable information, such as transaction amount and MSISDN (a unique identifier for a mobile network subscriber), to help us improve our services.<\/li>\n<\/ul>\n<\/div>\n<\/div>\n<div class=\"layoutArea\">\n<div class=\"column\">\n<h2><span>Information Sharing and Disclosure<\/span><span><\/span><\/h2>\n<ul>\n<li><span>We do not share, sell, or rent personally identifiable information to third parties for marketing purposes. However, we may share personally identifiable information with our third-party service providers that help us\u00a0<\/span>provide our services or for other business purposes, such as processing transactions or storing data. These service providers are required to maintain the confidentiality and security of your information.<\/li>\n<\/ul>\n<\/div>\n<\/div>\n<div class=\"layoutArea\">\n<div class=\"column\">\n<ul>\n<li><span>We may also share personally identifiable information in response to a legal request, such as a subpoena or court order, or when we believe it is necessary to investigate, prevent, or take action regarding illegal activities, suspected fraud, or violations of our terms and conditions.<\/span><\/li>\n<\/ul>\n<h2><span>Data Security<\/span><\/h2>\n<ul>\n<li><span>We take reasonable steps to protect the security of your personal information, including physical, electronic, and procedural safeguards. However, no method of transmission over the internet or method of electronic<\/span><\/li>\n<\/ul>\n<h2><span>Your Rights<\/span><\/h2>\n<ul>\n<li><span>You have the right to access, modify, or delete your personal information at any time by contacting us at dataprotection.fr@hub2.io. We will respond to your request within a reasonable timeframe.<\/span><\/li>\n<\/ul>\n<h2><span>Contact Us<\/span><\/h2>\n<ul>\n<li><span>If you have any questions or concerns about our privacy policy, please contact us at dataprotection.fr@hub2.io.<\/span><\/li>\n<\/ul>\n<\/div>\n<\/div>\n<p>[\/et_pb_text][\/et_pb_column][\/et_pb_row][\/et_pb_section]<\/p>\n","protected":false},"excerpt":{"rendered":"<p>Politique de confidentialit\u00e9, RGPDDerni\u00e8re mise \u00e0 jour : 12 ao\u00fbt 2021 CONNEKT4 (\u00ab nous \u00bb, \u00ab notre \u00bb) exploite hub2-io-website-btfmhydbcnhffxf5.francecentral-01.azurewebsites.net (le \u00ab Site \u00bb) he\u0301berge\u0301 par OVH dans des centres de donne\u0301es situe\u0301s en France. Cette page vous informe de nos politiques concernant la collecte, l&rsquo;utilisation et la\u00a0divulgation des informations personnelles que nous recevons des [&hellip;]<\/p>\n","protected":false},"author":11,"featured_media":0,"parent":0,"menu_order":0,"comment_status":"closed","ping_status":"closed","template":"","meta":{"_acf_changed":false,"_et_pb_use_builder":"on","_et_pb_old_content":"","_et_gb_content_width":"","content-type":"","footnotes":""},"dipi_cpt_category":[],"class_list":["post-1650","page","type-page","status-publish","hentry"],"acf":[],"_links":{"self":[{"href":"https:\/\/www.hub2.io\/fr\/wp-json\/wp\/v2\/pages\/1650","targetHints":{"allow":["GET"]}}],"collection":[{"href":"https:\/\/www.hub2.io\/fr\/wp-json\/wp\/v2\/pages"}],"about":[{"href":"https:\/\/www.hub2.io\/fr\/wp-json\/wp\/v2\/types\/page"}],"author":[{"embeddable":true,"href":"https:\/\/www.hub2.io\/fr\/wp-json\/wp\/v2\/users\/11"}],"replies":[{"embeddable":true,"href":"https:\/\/www.hub2.io\/fr\/wp-json\/wp\/v2\/comments?post=1650"}],"version-history":[{"count":4,"href":"https:\/\/www.hub2.io\/fr\/wp-json\/wp\/v2\/pages\/1650\/revisions"}],"predecessor-version":[{"id":1656,"href":"https:\/\/www.hub2.io\/fr\/wp-json\/wp\/v2\/pages\/1650\/revisions\/1656"}],"wp:attachment":[{"href":"https:\/\/www.hub2.io\/fr\/wp-json\/wp\/v2\/media?parent=1650"}],"wp:term":[{"taxonomy":"dipi_cpt_category","embeddable":true,"href":"https:\/\/www.hub2.io\/fr\/wp-json\/wp\/v2\/dipi_cpt_category?post=1650"}],"curies":[{"name":"wp","href":"https:\/\/api.w.org\/{rel}","templated":true}]}}